{"id":7,"date":"2017-10-24T17:25:01","date_gmt":"2017-10-24T15:25:01","guid":{"rendered":"http:\/\/mental-surf.com\/?page_id=7"},"modified":"2023-04-25T13:38:00","modified_gmt":"2023-04-25T11:38:00","slug":"mental-surf","status":"publish","type":"page","link":"https:\/\/mental-surf.com\/","title":{"rendered":"Accueil"},"content":{"rendered":"<h1>MENTAL SURF<\/h1>\n<p>Mental Surf est expert en pr\u00e9paration mentale du surfeur<\/p>\n<p>La technique seule ne vous permet pas d&#8217;atteindre votre plein potentiel sportif<\/p>\n<p>Bas\u00e9 sur les recherches en neuro-sciences appliqu\u00e9es \u00e0 l&#8217;Intelligence Emotionnelle, notre approche permet de r\u00e9v\u00e9ler votre potentiel latent, dans une synergie corps-esprit<\/p>\n<ul>\n<li>Optimisation mentale de l\u2019entrainement<\/li>\n<li>Gestion du stress en comp\u00e9tition<\/li>\n<li>Centrage sur le geste sportif<\/li>\n<li>Situation d\u2019apprentissage<\/li>\n<\/ul>\n<h2>Vous \u00eates&#8230;<\/h2>\n<figure><img decoding=\"async\" loading=\"lazy\" src=\"http:\/\/mental-surf.com\/wp-content\/uploads\/2018\/04\/mental-surf-ecole-150x150.jpg\" alt=\"\" width=\"150\" height=\"150\" \/><\/figure>\n<h3>Une \u00e9cole de surf<\/h3>\n<p>Faites la diff\u00e9rence avec les autres \u00e9coles en proposant aux \u00e9l\u00e8ves une technique qui acc\u00e9l\u00e8re la progression effort-plaisir<\/p>\n<figure><img decoding=\"async\" loading=\"lazy\" src=\"http:\/\/mental-surf.com\/wp-content\/uploads\/2018\/04\/mental-surf-competiteur-150x150.jpg\" alt=\"\" width=\"150\" height=\"150\" \/><\/figure>\n<h3>Un comp\u00e9titeur<\/h3>\n<p>En situation d&#8217;entra\u00eenement ou de comp\u00e9tition, utilisez vos ressources \u00e0 100% pour gagner<\/p>\n<h2>Notre approche<\/h2>\n<h3>Hypnose<\/h3>\n<p>Travail sur le geste sportif et visualisation de la s\u00e9quence cible<\/p>\n<h3>M\u00e9ditation<\/h3>\n<p>Travail sur le stress et la gestion \u00e9motionnelle<\/p>\n<h3>Programmation Neuro Linguistique<\/h3>\n<p>Programmation des sch\u00e9mas cibles.<br \/>\nD\u00e9programmation des sch\u00e9mas parasites.<\/p>\n<h2>Contactez-nous<\/h2>\n<p><strong>Via un message LinkedIn \u00e0 : Herv\u00e9 JEANS &#8211; cabinet EQINNOV<\/strong><\/p>\n","protected":false},"excerpt":{"rendered":"<p>MENTAL SURF Mental Surf est expert en pr\u00e9paration mentale du surfeur La technique seule ne vous permet pas d&#8217;atteindre votre plein potentiel sportif Bas\u00e9 sur les recherches en neuro-sciences appliqu\u00e9es \u00e0 l&#8217;Intelligence Emotionnelle, notre approche permet de r\u00e9v\u00e9ler votre potentiel latent, dans une synergie corps-esprit Optimisation mentale de l\u2019entrainement Gestion du stress en comp\u00e9tition Centrage&hellip;<\/p>\n","protected":false},"author":1,"featured_media":0,"parent":0,"menu_order":0,"comment_status":"closed","ping_status":"closed","template":"","meta":[],"_links":{"self":[{"href":"https:\/\/mental-surf.com\/index.php\/wp-json\/wp\/v2\/pages\/7"}],"collection":[{"href":"https:\/\/mental-surf.com\/index.php\/wp-json\/wp\/v2\/pages"}],"about":[{"href":"https:\/\/mental-surf.com\/index.php\/wp-json\/wp\/v2\/types\/page"}],"author":[{"embeddable":true,"href":"https:\/\/mental-surf.com\/index.php\/wp-json\/wp\/v2\/users\/1"}],"replies":[{"embeddable":true,"href":"https:\/\/mental-surf.com\/index.php\/wp-json\/wp\/v2\/comments?post=7"}],"version-history":[{"count":45,"href":"https:\/\/mental-surf.com\/index.php\/wp-json\/wp\/v2\/pages\/7\/revisions"}],"predecessor-version":[{"id":111,"href":"https:\/\/mental-surf.com\/index.php\/wp-json\/wp\/v2\/pages\/7\/revisions\/111"}],"wp:attachment":[{"href":"https:\/\/mental-surf.com\/index.php\/wp-json\/wp\/v2\/media?parent=7"}],"curies":[{"name":"wp","href":"https:\/\/api.w.org\/{rel}","templated":true}]}}